{"id":56,"date":"2017-09-21T16:07:02","date_gmt":"2017-09-21T14:07:02","guid":{"rendered":"http:\/\/www.umo.edu.bi\/?page_id=56"},"modified":"2020-04-10T11:07:30","modified_gmt":"2020-04-10T09:07:30","slug":"contact","status":"publish","type":"page","link":"http:\/\/www.umo.edu.bi\/?page_id=56","title":{"rendered":"Contact"},"content":{"rendered":"<p>Universit\u00e9 de Mwaro<br \/>Siege social: \u00e0 Kibumbu en Province Mwaro<br \/>B.P: 26 Mwaro<br \/>553 Bujumbura<\/p>\n<p>Bureau de liaison<br \/>Centre ville de Bujumbura<br \/>Avenue du March\u00e9 no 7<\/p>\n<p>T\u00e9l.: 00 257 75 102 067<br \/>00 257 72 029 623<br \/>Site web: www.umo.edu.bi<\/p>\n<p>Prof Liboire KAGABO<\/p>\n<p>\u00a0 \u00a0T\u00e9l.: 79934072<br \/>\u00a0 \u00a0whatsApp: 76934072<br \/>\u00a0 \u00a0E-mails: liboirekagabo@yahoo.fr<br \/>\u00a0 \u00a0 \u00a0 \u00a0 \u00a0 \u00a0 \u00a0 \u00a0 \u00a0 \u00a0liboirekagabo15@gmail.com\u00a0 \u00a0<\/p>\n\n\n<p>                <\/p>\n","protected":false},"excerpt":{"rendered":"<p>Universit\u00e9 de MwaroSiege social: \u00e0 Kibumbu en Province MwaroB.P: 26 Mwaro553 Bujumbura Bureau de liaisonCentre ville de BujumburaAvenue du March\u00e9 no 7 T\u00e9l.: 00 257 75 102 06700 257 72 029 623Site web: www.umo.edu.bi Prof Liboire KAGABO \u00a0 \u00a0T\u00e9l.: 79934072\u00a0 \u00a0whatsApp: 76934072\u00a0 \u00a0E-mails: liboirekagabo@yahoo.fr\u00a0 \u00a0 \u00a0 \u00a0 \u00a0 \u00a0 \u00a0 \u00a0 \u00a0 \u00a0liboirekagabo15@gmail.com\u00a0 \u00a0<\/p>\n","protected":false},"author":5,"featured_media":0,"parent":0,"menu_order":0,"comment_status":"closed","ping_status":"closed","template":"","meta":{"footnotes":""},"class_list":["post-56","page","type-page","status-publish","hentry"],"_links":{"self":[{"href":"http:\/\/www.umo.edu.bi\/index.php?rest_route=\/wp\/v2\/pages\/56","targetHints":{"allow":["GET"]}}],"collection":[{"href":"http:\/\/www.umo.edu.bi\/index.php?rest_route=\/wp\/v2\/pages"}],"about":[{"href":"http:\/\/www.umo.edu.bi\/index.php?rest_route=\/wp\/v2\/types\/page"}],"author":[{"embeddable":true,"href":"http:\/\/www.umo.edu.bi\/index.php?rest_route=\/wp\/v2\/users\/5"}],"replies":[{"embeddable":true,"href":"http:\/\/www.umo.edu.bi\/index.php?rest_route=%2Fwp%2Fv2%2Fcomments&post=56"}],"version-history":[{"count":6,"href":"http:\/\/www.umo.edu.bi\/index.php?rest_route=\/wp\/v2\/pages\/56\/revisions"}],"predecessor-version":[{"id":1258,"href":"http:\/\/www.umo.edu.bi\/index.php?rest_route=\/wp\/v2\/pages\/56\/revisions\/1258"}],"wp:attachment":[{"href":"http:\/\/www.umo.edu.bi\/index.php?rest_route=%2Fwp%2Fv2%2Fmedia&parent=56"}],"curies":[{"name":"wp","href":"https:\/\/api.w.org\/{rel}","templated":true}]}}