{"id":38,"date":"2017-09-21T15:49:04","date_gmt":"2017-09-21T13:49:04","guid":{"rendered":"http:\/\/www.umo.edu.bi\/?page_id=38"},"modified":"2017-11-06T11:52:46","modified_gmt":"2017-11-06T09:52:46","slug":"sciences-et-techniques-paramedicales","status":"publish","type":"page","link":"http:\/\/www.umo.edu.bi\/?page_id=38","title":{"rendered":"Sciences et techniques param\u00e9dicales"},"content":{"rendered":"<p><b>Historique<\/b><br \/>\nLa fili\u00e8re des Sciences et Techniques Param\u00e9dicales a ouvert ses portes durant l\u2019ann\u00e9e acad\u00e9mique 2001-2002.Elle a d\u00e9j\u00e0 dipl\u00f4m\u00e9 1094 laur\u00e9ats licenci\u00e9s dans ce domaine. Elle compte dipl\u00f4mer 59 autres pour cette ann\u00e9e acad\u00e9mique 2016-2017. Les premiers bacheliers en Sciences et Techniques Param\u00e9dicales termineront leurs \u00e9tudes durant l&rsquo;ann\u00e9e acad\u00e9mique 2016-2017. Ces laur\u00e9ats sont ressortissants du Burundi, du Rwanda et de la R\u00e9publique D\u00e9mocratique du Congo.<\/p>\n<p><b>Objectif global<\/b>:<\/br><br \/>\nLe bachelier en Sciences et techniques param\u00e9dicales doit avoir des connaissances\/comp\u00e9tences suffisantes lui permettant d&rsquo;\u00eatre  auxilliaire du m\u00e9decin dans diff\u00e9rents services de la profession m\u00e9dicale et \u00eatre capable d&rsquo;administrer les soins m\u00e9dicaux aux patients.<\/p>\n","protected":false},"excerpt":{"rendered":"<p>Historique La fili\u00e8re des Sciences et Techniques Param\u00e9dicales a ouvert ses portes durant l\u2019ann\u00e9e acad\u00e9mique 2001-2002.Elle a d\u00e9j\u00e0 dipl\u00f4m\u00e9 1094 laur\u00e9ats licenci\u00e9s dans ce domaine. Elle compte dipl\u00f4mer 59 autres pour cette ann\u00e9e acad\u00e9mique 2016-2017. Les premiers bacheliers en Sciences et Techniques Param\u00e9dicales termineront leurs \u00e9tudes durant l&rsquo;ann\u00e9e acad\u00e9mique 2016-2017. Ces laur\u00e9ats sont ressortissants du [&hellip;]<\/p>\n","protected":false},"author":5,"featured_media":0,"parent":28,"menu_order":0,"comment_status":"closed","ping_status":"closed","template":"","meta":{"footnotes":""},"class_list":["post-38","page","type-page","status-publish","hentry"],"_links":{"self":[{"href":"http:\/\/www.umo.edu.bi\/index.php?rest_route=\/wp\/v2\/pages\/38","targetHints":{"allow":["GET"]}}],"collection":[{"href":"http:\/\/www.umo.edu.bi\/index.php?rest_route=\/wp\/v2\/pages"}],"about":[{"href":"http:\/\/www.umo.edu.bi\/index.php?rest_route=\/wp\/v2\/types\/page"}],"author":[{"embeddable":true,"href":"http:\/\/www.umo.edu.bi\/index.php?rest_route=\/wp\/v2\/users\/5"}],"replies":[{"embeddable":true,"href":"http:\/\/www.umo.edu.bi\/index.php?rest_route=%2Fwp%2Fv2%2Fcomments&post=38"}],"version-history":[{"count":8,"href":"http:\/\/www.umo.edu.bi\/index.php?rest_route=\/wp\/v2\/pages\/38\/revisions"}],"predecessor-version":[{"id":294,"href":"http:\/\/www.umo.edu.bi\/index.php?rest_route=\/wp\/v2\/pages\/38\/revisions\/294"}],"up":[{"embeddable":true,"href":"http:\/\/www.umo.edu.bi\/index.php?rest_route=\/wp\/v2\/pages\/28"}],"wp:attachment":[{"href":"http:\/\/www.umo.edu.bi\/index.php?rest_route=%2Fwp%2Fv2%2Fmedia&parent=38"}],"curies":[{"name":"wp","href":"https:\/\/api.w.org\/{rel}","templated":true}]}}