{"id":26,"date":"2017-09-21T15:38:31","date_gmt":"2017-09-21T13:38:31","guid":{"rendered":"http:\/\/www.umo.edu.bi\/?page_id=26"},"modified":"2017-11-23T14:33:54","modified_gmt":"2017-11-23T12:33:54","slug":"rectorat","status":"publish","type":"page","link":"http:\/\/www.umo.edu.bi\/?page_id=26","title":{"rendered":"Rectorat"},"content":{"rendered":"<p><figure id=\"attachment_462\" aria-describedby=\"caption-attachment-462\" style=\"width: 163px\" class=\"wp-caption alignnone\"><img loading=\"lazy\" decoding=\"async\" src=\"http:\/\/www.umo.edu.bi\/wp-content\/uploads\/2017\/09\/Thaddee.png\" alt=\"TA Dr Thadd\u00e9e NDAYISHIMIYE\" width=\"163\" height=\"172\" class=\"size-full wp-image-462\" \/><figcaption id=\"caption-attachment-462\" class=\"wp-caption-text\">Dr Thadd\u00e9e NDAYISHIMIYE<\/figcaption><\/figure>Le Recteur est assist\u00e9 par 4 directeurs:<\/p>\n<ol>\n<li> Directeur de l&rsquo;Assurance-qualit\u00e9<\/li>\n<li> Directeur Acad\u00e9mique <\/li>\n<li> Directeur administratif et financier <\/li>\n<li> Directeur de la recherche <\/li>\n<li> Directeur socio-culturel<\/li>\n<\/ol>\n","protected":false},"excerpt":{"rendered":"<p>Le Recteur est assist\u00e9 par 4 directeurs: Directeur de l&rsquo;Assurance-qualit\u00e9 Directeur Acad\u00e9mique Directeur administratif et financier Directeur de la recherche Directeur socio-culturel<\/p>\n","protected":false},"author":5,"featured_media":0,"parent":22,"menu_order":0,"comment_status":"closed","ping_status":"closed","template":"","meta":{"footnotes":""},"class_list":["post-26","page","type-page","status-publish","hentry"],"_links":{"self":[{"href":"http:\/\/www.umo.edu.bi\/index.php?rest_route=\/wp\/v2\/pages\/26","targetHints":{"allow":["GET"]}}],"collection":[{"href":"http:\/\/www.umo.edu.bi\/index.php?rest_route=\/wp\/v2\/pages"}],"about":[{"href":"http:\/\/www.umo.edu.bi\/index.php?rest_route=\/wp\/v2\/types\/page"}],"author":[{"embeddable":true,"href":"http:\/\/www.umo.edu.bi\/index.php?rest_route=\/wp\/v2\/users\/5"}],"replies":[{"embeddable":true,"href":"http:\/\/www.umo.edu.bi\/index.php?rest_route=%2Fwp%2Fv2%2Fcomments&post=26"}],"version-history":[{"count":10,"href":"http:\/\/www.umo.edu.bi\/index.php?rest_route=\/wp\/v2\/pages\/26\/revisions"}],"predecessor-version":[{"id":1301,"href":"http:\/\/www.umo.edu.bi\/index.php?rest_route=\/wp\/v2\/pages\/26\/revisions\/1301"}],"up":[{"embeddable":true,"href":"http:\/\/www.umo.edu.bi\/index.php?rest_route=\/wp\/v2\/pages\/22"}],"wp:attachment":[{"href":"http:\/\/www.umo.edu.bi\/index.php?rest_route=%2Fwp%2Fv2%2Fmedia&parent=26"}],"curies":[{"name":"wp","href":"https:\/\/api.w.org\/{rel}","templated":true}]}}