{"id":144,"date":"2017-09-28T12:33:46","date_gmt":"2017-09-28T10:33:46","guid":{"rendered":"http:\/\/www.umo.edu.bi\/?page_id=144"},"modified":"2017-11-13T12:25:24","modified_gmt":"2017-11-13T10:25:24","slug":"admission","status":"publish","type":"page","link":"http:\/\/www.umo.edu.bi\/?page_id=144","title":{"rendered":"Admission"},"content":{"rendered":"<p>Des laur\u00e9ats des \u00e9coles param\u00e9dicales qui auront termin\u00e9 avec succ\u00e8s leurs \u00e9tudes (IDE : infirmier dipl\u00f4m\u00e9 d\u2019\u00e9tat, de type A2) et ayant r\u00e9ussis l\u2019examen d\u2019Etat depuis son instauration. Au besoin, un concours de s\u00e9lection sera organis\u00e9 suivant des modalit\u00e9s \u00e0 d\u00e9terminer.<\/p>\n<p>Des laur\u00e9ats des humanit\u00e9s g\u00e9n\u00e9rales habilit\u00e9s \u00e0 poursuivre les \u00e9tudes de l\u2019enseignement sup\u00e9rieur au Burundi selon la loi burundaise sur l\u2019enseignement sup\u00e9rieur ou ceux qui disposent d\u2019un dipl\u00f4me de l\u2019enseignement secondaire d\u00e9livr\u00e9 dans d\u2019autres pays et reconnu par la commission nationale de reconnaissance de  l\u2019\u00e9quivalence des dipl\u00f4mes.<\/p>\n","protected":false},"excerpt":{"rendered":"<p>Des laur\u00e9ats des \u00e9coles param\u00e9dicales qui auront termin\u00e9 avec succ\u00e8s leurs \u00e9tudes (IDE : infirmier dipl\u00f4m\u00e9 d\u2019\u00e9tat, de type A2) et ayant r\u00e9ussis l\u2019examen d\u2019Etat depuis son instauration. Au besoin, un concours de s\u00e9lection sera organis\u00e9 suivant des modalit\u00e9s \u00e0 d\u00e9terminer. Des laur\u00e9ats des humanit\u00e9s g\u00e9n\u00e9rales habilit\u00e9s \u00e0 poursuivre les \u00e9tudes de l\u2019enseignement sup\u00e9rieur au [&hellip;]<\/p>\n","protected":false},"author":5,"featured_media":0,"parent":382,"menu_order":0,"comment_status":"closed","ping_status":"closed","template":"","meta":{"footnotes":""},"class_list":["post-144","page","type-page","status-publish","hentry"],"_links":{"self":[{"href":"http:\/\/www.umo.edu.bi\/index.php?rest_route=\/wp\/v2\/pages\/144","targetHints":{"allow":["GET"]}}],"collection":[{"href":"http:\/\/www.umo.edu.bi\/index.php?rest_route=\/wp\/v2\/pages"}],"about":[{"href":"http:\/\/www.umo.edu.bi\/index.php?rest_route=\/wp\/v2\/types\/page"}],"author":[{"embeddable":true,"href":"http:\/\/www.umo.edu.bi\/index.php?rest_route=\/wp\/v2\/users\/5"}],"replies":[{"embeddable":true,"href":"http:\/\/www.umo.edu.bi\/index.php?rest_route=%2Fwp%2Fv2%2Fcomments&post=144"}],"version-history":[{"count":2,"href":"http:\/\/www.umo.edu.bi\/index.php?rest_route=\/wp\/v2\/pages\/144\/revisions"}],"predecessor-version":[{"id":577,"href":"http:\/\/www.umo.edu.bi\/index.php?rest_route=\/wp\/v2\/pages\/144\/revisions\/577"}],"up":[{"embeddable":true,"href":"http:\/\/www.umo.edu.bi\/index.php?rest_route=\/wp\/v2\/pages\/382"}],"wp:attachment":[{"href":"http:\/\/www.umo.edu.bi\/index.php?rest_route=%2Fwp%2Fv2%2Fmedia&parent=144"}],"curies":[{"name":"wp","href":"https:\/\/api.w.org\/{rel}","templated":true}]}}