{"id":1123,"date":"2019-03-29T08:39:06","date_gmt":"2019-03-29T06:39:06","guid":{"rendered":"http:\/\/www.umo.edu.bi\/?page_id=1123"},"modified":"2019-03-29T08:43:41","modified_gmt":"2019-03-29T06:43:41","slug":"actualites","status":"publish","type":"page","link":"http:\/\/www.umo.edu.bi\/?page_id=1123","title":{"rendered":"Actualit\u00e9s"},"content":{"rendered":"\nLes articles d\u00e9j\u00e0 publi\u00e9s<\/br>\n<a href=\"http:\/\/www.umo.edu.bi\/?p=1119\">R\u00e9daction des rapports de fin des \u00e9tudes de Baccalaur\u00e9at<\/a>\n","protected":false},"excerpt":{"rendered":"<p>Les articles d\u00e9j\u00e0 publi\u00e9s R\u00e9daction des rapports de fin des \u00e9tudes de Baccalaur\u00e9at<\/p>\n","protected":false},"author":5,"featured_media":0,"parent":0,"menu_order":0,"comment_status":"closed","ping_status":"closed","template":"","meta":{"footnotes":""},"class_list":["post-1123","page","type-page","status-publish","hentry"],"_links":{"self":[{"href":"http:\/\/www.umo.edu.bi\/index.php?rest_route=\/wp\/v2\/pages\/1123","targetHints":{"allow":["GET"]}}],"collection":[{"href":"http:\/\/www.umo.edu.bi\/index.php?rest_route=\/wp\/v2\/pages"}],"about":[{"href":"http:\/\/www.umo.edu.bi\/index.php?rest_route=\/wp\/v2\/types\/page"}],"author":[{"embeddable":true,"href":"http:\/\/www.umo.edu.bi\/index.php?rest_route=\/wp\/v2\/users\/5"}],"replies":[{"embeddable":true,"href":"http:\/\/www.umo.edu.bi\/index.php?rest_route=%2Fwp%2Fv2%2Fcomments&post=1123"}],"version-history":[{"count":4,"href":"http:\/\/www.umo.edu.bi\/index.php?rest_route=\/wp\/v2\/pages\/1123\/revisions"}],"predecessor-version":[{"id":1131,"href":"http:\/\/www.umo.edu.bi\/index.php?rest_route=\/wp\/v2\/pages\/1123\/revisions\/1131"}],"wp:attachment":[{"href":"http:\/\/www.umo.edu.bi\/index.php?rest_route=%2Fwp%2Fv2%2Fmedia&parent=1123"}],"curies":[{"name":"wp","href":"https:\/\/api.w.org\/{rel}","templated":true}]}}